{"id":361,"date":"2025-05-13T10:06:15","date_gmt":"2025-05-13T10:06:15","guid":{"rendered":"https:\/\/alohascale.pt\/index.php\/politica-de-cookies-ue\/"},"modified":"2025-05-27T09:29:11","modified_gmt":"2025-05-27T09:29:11","slug":"politica-de-cookies","status":"publish","type":"page","link":"https:\/\/alohascale.pt\/index.php\/politica-de-cookies\/","title":{"rendered":"Pol\u00edtica de Cookies"},"content":{"rendered":"\t\t<div data-elementor-type=\"wp-page\" data-elementor-id=\"361\" class=\"elementor elementor-361\">\n\t\t\t\t<div class=\"elementor-element elementor-element-a098335 e-flex e-con-boxed e-con e-parent\" data-id=\"a098335\" data-element_type=\"container\" data-e-type=\"container\" data-settings=\"{&quot;background_background&quot;:&quot;classic&quot;}\">\n\t\t\t\t\t<div class=\"e-con-inner\">\n\t\t<div class=\"elementor-element elementor-element-eb1c1bd e-flex e-con-boxed e-con e-child\" data-id=\"eb1c1bd\" data-element_type=\"container\" data-e-type=\"container\">\n\t\t\t\t\t<div class=\"e-con-inner\">\n\t\t\t\t<div class=\"elementor-element elementor-element-12e1520 elementor-widget elementor-widget-heading\" data-id=\"12e1520\" data-element_type=\"widget\" data-e-type=\"widget\" data-widget_type=\"heading.default\">\n\t\t\t\t<div class=\"elementor-widget-container\">\n\t\t\t\t\t<h2 class=\"elementor-heading-title elementor-size-default\">Pol\u00edtica de Cookies<\/h2>\t\t\t\t<\/div>\n\t\t\t\t<\/div>\n\t\t\t\t<div class=\"elementor-element elementor-element-182cf43 elementor-widget elementor-widget-text-editor\" data-id=\"182cf43\" data-element_type=\"widget\" data-e-type=\"widget\" data-widget_type=\"text-editor.default\">\n\t\t\t\t<div class=\"elementor-widget-container\">\n\t\t\t\t\t\t\t\t\t<p>Esta Pol\u00edtica de Cookies foi actualizada pela \u00faltima vez em 13\/05\/2025 e aplica-se a cidad\u00e3os e residentes legais permanentes do Espa\u00e7o Econ\u00f3mico Europeu e Su\u00ed\u00e7a.<\/p><p><strong>1. Introdu\u00e7\u00e3o<\/strong><\/p><p>O nosso site, https:\/\/alohascale.pt (em diante: \u201co site\u201d) usa cookies e outras tecnologias relacionadas (por conveni\u00eancia, todas as tecnologias s\u00e3o referidas como \u201ccookies\u201d). Os cookies tamb\u00e9m s\u00e3o adicionados por terceiros com quem estabelecemos acordos. O documento abaixo informa sobre o nosso uso de cookies.<\/p><p><strong>2. O que s\u00e3o cookies?<\/strong><\/p><p>Um cookie \u00e9 um arquivo pequeno e simples que \u00e9 enviado em conjunto com as p\u00e1ginas deste site e armazenado pelo seu browser, no disco r\u00edgido do seu computador ou noutro dispositivo. As informa\u00e7\u00f5es armazenadas podem ser enviadas de volta aos nossos servidores ou aos servidores de terceiros relevantes durante uma visita subsequente.<\/p><p><strong>3. O que s\u00e3o scripts?<\/strong><\/p><p>Um script \u00e9 uma parte de c\u00f3digo de um programa que \u00e9 usada para fazer o nosso site funcionar de forma adequada e interactiva. Esse c\u00f3digo \u00e9 executado no nosso servidor ou no seu dispositivo.<\/p><p><strong>4. O que \u00e9 um web beacon?<\/strong><\/p><p>Um web beacon (ou pixel tag) \u00e9 um pequeno texto ou imagem invis\u00edvel num site que \u00e9 usado para monitorizar o tr\u00e1fego num site. Para fazer isso, s\u00e3o armazenados v\u00e1rios dados sobre si utilizando web beacons.<\/p><p><strong>5. Cookies<\/strong><\/p><p><em><strong>5.1 Cookies t\u00e9cnicos ou funcionais<\/strong><\/em><\/p><p>Alguns cookies garantem que certas partes do site funcionam correctamente e que as suas prefer\u00eancias de utilizador permane\u00e7am conhecidas. Ao adicionar cookies funcionais, facilitamos a visita ao nosso site. Dessa forma, n\u00e3o precisa inserir repetidamente as mesmas informa\u00e7\u00f5es ao visitar o nosso site. Por exemplo, os itens permanecem no seu carrinho de compras at\u00e9 que tenha conclu\u00eddo a compra. Podemos adicionar esses cookies sem o seu consentimento.<\/p><p><em><strong>5.2 Cookies anal\u00edticos<\/strong><\/em><\/p><p>Como as estat\u00edsticas est\u00e3o a ser rastreadas anonimamente, n\u00e3o \u00e9 solicitada permiss\u00e3o para inserir cookies anal\u00edticos.<\/p><p><em><strong>5.3 Cookies de marketing\/rastreio<\/strong><\/em><\/p><p>Cookies de marketing\/rastreio s\u00e3o cookies ou qualquer outra forma de armazenamento local, usados para criar perfis de utilizador para exibir publicidade ou para rastrear o utilizador neste site ou em v\u00e1rios sites para fins de marketing semelhantes.<\/p><p><strong>6. Cookies inseridos<\/strong><\/p><p><em><strong>6.1 WordPress (Funcional)<\/strong><\/em><\/p><ul><li><em><strong>Utiliza\u00e7\u00e3o:<\/strong><\/em> Usamos WordPress para desenvolvimento de sites. <a href=\"https:\/\/cookiedatabase.org\/service\/wordpress\/\" target=\"_blank\" rel=\"noopener\">Leia mais<\/a><\/li><li><em><strong>Partilha de Dados:<\/strong><\/em> Estes dados n\u00e3o s\u00e3o partilhados com terceiros.<\/li><\/ul><p><em><strong><br \/>6.2 Elementor (Estat\u00edsticas An\u00f3nimas)<\/strong><\/em><\/p><ul><li><em><strong>Utiliza\u00e7\u00e3o:<\/strong><\/em> Usamos Elementor para cria\u00e7\u00e3o de conte\u00fado. <a href=\"https:\/\/cookiedatabase.org\/service\/elementor\/\" target=\"_blank\" rel=\"noopener\">Leia mais<\/a><\/li><li><em><strong>Partilha de Dados:<\/strong><\/em> Estes dados n\u00e3o s\u00e3o partilhados com terceiros.<\/li><\/ul><p><em><strong><br \/>6.3 Google reCAPTCHA (Marketing)<\/strong><\/em><\/p><ul><li><em><strong>Utiliza\u00e7\u00e3o:<\/strong><\/em> Usamos Google reCAPTCHA para preven\u00e7\u00e3o de spam. <a href=\"https:\/\/cookiedatabase.org\/service\/google-recaptcha\/\" target=\"_blank\" rel=\"noopener\">Leia mais<\/a><\/li><li><em><strong>Partilha de Dados:<\/strong><\/em> Para mais informa\u00e7\u00f5es, leia a <a href=\"https:\/\/policies.google.com\/privacy\" target=\"_blank\" rel=\"noopener\">Google reCAPTCHA Declara\u00e7\u00e3o de Privacidade<\/a>.<\/li><\/ul><p><em><strong><br \/>6.4 Complianz (Funcional)<\/strong><\/em><\/p><ul><li><em><strong>Utiliza\u00e7\u00e3o:<\/strong><\/em> Usamos Complianz para gerenciamento de consentimento de cookies. <a href=\"https:\/\/cookiedatabase.org\/service\/complianz\/\" target=\"_blank\" rel=\"noopener\">Leia mais<\/a><\/li><li><em><strong>Partilha de Dados:<\/strong><\/em> Esses dados n\u00e3o s\u00e3o partilhados com terceiros. Para mais informa\u00e7\u00f5es, leia a <a href=\"https:\/\/complianz.io\/legal\/privacy-statement\/\" target=\"_blank\" rel=\"noopener\">Complianz Declara\u00e7\u00e3o de Privacidade.<\/a><\/li><\/ul><p><br \/><strong>7. Consentimento<\/strong><\/p><p>Quando visitar o nosso site pela primeira vez, mostraremos uma janela com uma explica\u00e7\u00e3o sobre cookies. Assim que clicar em \u201cGuardar prefer\u00eancias\u201d, autoriza-nos a usar as categorias de cookies e plugins selecionados na janela, conforme descrito nesta Pol\u00edtica de Cookies. Pode desativar o uso de cookies atrav\u00e9s do seu navegador, mas observe que o nosso site pode n\u00e3o funcionar corretamente.<\/p><p><em><strong>7.1 Fa\u00e7a a gest\u00e3o das suas configura\u00e7\u00f5es de consentimento<\/strong><\/em><\/p><p>Recebemos um pedido de privacidade do seu navegador. Por este motivo, definimos as suas configura\u00e7\u00f5es de privacidade neste site para o estritamente necess\u00e1rio. Se quiser ter funcionalidades completas, considere excluir https:\/\/alohascale.pt de suas configura\u00e7\u00f5es de privacidade.<\/p><p><strong>8. Ativa\u00e7\u00e3o\/desativa\u00e7\u00e3o e exclus\u00e3o de cookies<\/strong><\/p><p>Pode usar o seu browser para excluir cookies automaticamente ou manualmente. Tamb\u00e9m pode especificar que certos cookies podem n\u00e3o ser inseridos. Outra op\u00e7\u00e3o \u00e9 alterar as configura\u00e7\u00f5es do seu browser para que receba uma mensagem cada vez que um cookie \u00e9 inserido. Para obter mais informa\u00e7\u00f5es sobre essas op\u00e7\u00f5es, consulte as instru\u00e7\u00f5es na sec\u00e7\u00e3o Ajuda do seu browser.<\/p><p>Por favor tenha em conta que o nosso site pode n\u00e3o funcionar correctamente se todos os cookies forem desactivados. Se excluir os cookies do seu navegador, ser\u00e3o adicionados de novo ap\u00f3s o seu consentimento quando visitar o nosso site outra vez.<\/p><p><strong>9. Os seus direitos em rela\u00e7\u00e3o aos dados pessoais<\/strong><\/p><p>Tem os seguintes direitos em rela\u00e7\u00e3o aos seus dados pessoais:<\/p><ul><li>Tem o direito de saber por que seus dados pessoais s\u00e3o necess\u00e1rios, o que acontecer\u00e1 com eles e por quanto tempo eles ser\u00e3o retidos.<\/li><li>Direito de acesso: Tem o direito de aceder aos seus dados pessoais que s\u00e3o conhecidos por n\u00f3s.<\/li><li>Direito \u00e0 retifica\u00e7\u00e3o: tem o direito de complementar, corrigir, ter exclu\u00eddos ou bloqueados os seus dados pessoais sempre que desejar.<\/li><li>Se nos der o seu consentimento para processar seus dados, tem o direito de revogar esse consentimento e ter os seus dados pessoais exclu\u00eddos.<\/li><li>Direito de transferir os seus dados: tem o direito de solicitar todos os seus dados pessoais do controlador e transferi-los em sua totalidade para outro controlador.<\/li><li>Direito de objeto: pode rejeitar o processamento dos seus dados. N\u00f3s cumprimos isso, a menos que haja motivos justificados para o processamento.<\/li><\/ul><p><br \/>Para exercer esses direitos, entre em contacto connosco. Consulte os detalhes de contacto no final desta Pol\u00edtica de Cookies. Se tem uma reclama\u00e7\u00e3o sobre como lidamos com seus dados, gostar\u00edamos de ouvi-la, mas tamb\u00e9m tem o direito de enviar uma reclama\u00e7\u00e3o \u00e0 autoridade supervisora (a Autoridade de Prote\u00e7\u00e3o de Dados).<\/p><p><strong>10. Detalhes de contacto<\/strong><\/p><p>Para perguntas e\/ou coment\u00e1rios sobre nossa Pol\u00edtica de Cookies e esta declara\u00e7\u00e3o, entre em contacto connosco usando os seguintes detalhes de contacto:<\/p><p><em>Aloha \u2013 Business &amp; Software Solutions<\/em><br \/><em>R. Batalha do Viso 111, 2900-264 Set\u00fabal<\/em><br \/><em>Portugal<\/em><br \/><em>Website: www.alohascale.pt<\/em><br \/><em>E-mail: aloha@aloha.pt<\/em><br \/><em>Tel: (+351) 265 548 750<\/em><\/p><p>Esta Pol\u00edtica de Cookies foi sincronizada com cookiedatabase.org em 13\/05\/2025.<\/p>\t\t\t\t\t\t\t\t<\/div>\n\t\t\t\t<\/div>\n\t\t\t\t\t<\/div>\n\t\t\t\t<\/div>\n\t\t\t\t\t<\/div>\n\t\t\t\t<\/div>\n\t\t\t\t<\/div>\n\t\t","protected":false},"excerpt":{"rendered":"<p>Pol\u00edtica de Cookies Esta Pol\u00edtica de Cookies foi actualizada pela \u00faltima vez em 13\/05\/2025 e aplica-se a cidad\u00e3os e residentes legais permanentes do Espa\u00e7o Econ\u00f3mico Europeu e Su\u00ed\u00e7a. 1. Introdu\u00e7\u00e3o O nosso site, https:\/\/alohascale.pt (em diante: \u201co site\u201d) usa cookies e outras tecnologias relacionadas (por conveni\u00eancia, todas as tecnologias s\u00e3o referidas como \u201ccookies\u201d). Os cookies [&hellip;]<\/p>\n","protected":false},"author":1,"featured_media":0,"parent":0,"menu_order":0,"comment_status":"closed","ping_status":"closed","template":"","meta":{"footnotes":""},"class_list":["post-361","page","type-page","status-publish","hentry"],"_links":{"self":[{"href":"https:\/\/alohascale.pt\/index.php\/wp-json\/wp\/v2\/pages\/361","targetHints":{"allow":["GET"]}}],"collection":[{"href":"https:\/\/alohascale.pt\/index.php\/wp-json\/wp\/v2\/pages"}],"about":[{"href":"https:\/\/alohascale.pt\/index.php\/wp-json\/wp\/v2\/types\/page"}],"author":[{"embeddable":true,"href":"https:\/\/alohascale.pt\/index.php\/wp-json\/wp\/v2\/users\/1"}],"replies":[{"embeddable":true,"href":"https:\/\/alohascale.pt\/index.php\/wp-json\/wp\/v2\/comments?post=361"}],"version-history":[{"count":17,"href":"https:\/\/alohascale.pt\/index.php\/wp-json\/wp\/v2\/pages\/361\/revisions"}],"predecessor-version":[{"id":470,"href":"https:\/\/alohascale.pt\/index.php\/wp-json\/wp\/v2\/pages\/361\/revisions\/470"}],"wp:attachment":[{"href":"https:\/\/alohascale.pt\/index.php\/wp-json\/wp\/v2\/media?parent=361"}],"curies":[{"name":"wp","href":"https:\/\/api.w.org\/{rel}","templated":true}]}}