{"id":38,"date":"2025-05-06T08:32:34","date_gmt":"2025-05-06T08:32:34","guid":{"rendered":"https:\/\/alohascale.pt\/index.php\/home\/"},"modified":"2026-03-10T16:45:12","modified_gmt":"2026-03-10T16:45:12","slug":"inicio","status":"publish","type":"page","link":"https:\/\/alohascale.pt\/","title":{"rendered":"In\u00edcio"},"content":{"rendered":"\t\t<div data-elementor-type=\"wp-page\" data-elementor-id=\"38\" class=\"elementor elementor-38\">\n\t\t\t\t<div class=\"elementor-element elementor-element-4430d0c1 e-con-full e-flex e-con e-parent\" data-id=\"4430d0c1\" data-element_type=\"container\" data-e-type=\"container\">\n\t\t\t\t<div class=\"elementor-element elementor-element-16be587d elementor-widget elementor-widget-flex-hero\" data-id=\"16be587d\" data-element_type=\"widget\" data-e-type=\"widget\" data-settings=\"{&quot;primary_button_shape&quot;:&quot;round&quot;,&quot;image_shape&quot;:&quot;custom&quot;,&quot;layout_preset&quot;:&quot;showcase&quot;,&quot;layout_column_structure&quot;:&quot;50-50&quot;,&quot;layout_image_position&quot;:&quot;end&quot;,&quot;box_shape&quot;:&quot;sharp&quot;}\" data-widget_type=\"flex-hero.default\">\n\t\t\t\t<div class=\"elementor-widget-container\">\n\t\t\t\t\t\t\t<div class=\"has-shape-sharp shape-type-box has-column-structure-50-50  ehp-flex-hero has-layout-preset-showcase has-image-position-end\">\n\t\t\t\t\t\t<div class=\"ehp-flex-hero__overlay\"><\/div>\n\t\t\t<div class=\"ehp-flex-hero__content-container\">\n\t\t\t\t<h1 class=\"ehp-flex-hero__heading\">Digitalize o seu processo de pesagem e etiquetagem<\/h1><p class=\"ehp-flex-hero__subheading\">O Aloha Scale simplifica a gest\u00e3o de pesagens, paletes e etiquetas industriais.\nPese, organize e etiquete os seus produtos com rapidez, precis\u00e3o e controlo total.<\/p>\t\t\t<div class=\"ehp-flex-hero__ctas-container\">\n\t\t\t\t\t\t<a class=\"has-shape-round shape-type-button ehp-button ehp-button--primary ehp-flex-hero__button ehp-flex-hero__button--primary is-type-button\" href=\"https:\/\/alohascale.pt\/index.php\/contactos\/\">\n\t\t\t<svg aria-hidden=\"true\" class=\"ehp-button__icon e-font-icon-svg e-fas-arrow-right\" 0=\"ehp-flex-hero__button-icon\" viewBox=\"0 0 448 512\" xmlns=\"http:\/\/www.w3.org\/2000\/svg\"><path d=\"M190.5 66.9l22.2-22.2c9.4-9.4 24.6-9.4 33.9 0L441 239c9.4 9.4 9.4 24.6 0 33.9L246.6 467.3c-9.4 9.4-24.6 9.4-33.9 0l-22.2-22.2c-9.5-9.5-9.3-25 .4-34.3L311.4 296H24c-13.3 0-24-10.7-24-24v-32c0-13.3 10.7-24 24-24h287.4L190.9 101.2c-9.8-9.3-10-24.8-.4-34.3z\"><\/path><\/svg>\t\t<span class=\"ehp-button__text ehp-flex-hero__button-text ehp-flex-hero__button-text--primary\">\n\t\t\tContacte-nos\t\t\t\t<\/a>\n\t\t\t\t\t\t\t\t\t<\/div>\n\t\t\t\t\t<\/div>\n\t\t\t\t<div class=\"ehp-flex-hero__image-wrapper\">\n\t\t\t\t\t<div class=\"ehp-image ehp-flex-hero__image-container\">\n\t\t\t\t<img decoding=\"async\" class=\"ehp-image__img ehp-flex-hero__img has-shape-custom shape-type-image\" src=\"https:\/\/alohascale.pt\/wp-content\/uploads\/2025\/05\/2148923139.jpg\" title=\"2148923139\" alt=\"2148923139\" loading=\"lazy\" \/>\t\t\t<\/div>\n\t\t\t\t\t<\/div>\n\t\t\t\t<\/div>\n\t\t\t\t\t\t<\/div>\n\t\t\t\t<\/div>\n\t\t\t\t<\/div>\n\t\t<div class=\"elementor-element elementor-element-2488d753 e-flex e-con-boxed e-con e-parent\" data-id=\"2488d753\" data-element_type=\"container\" data-e-type=\"container\" id=\"about\" data-settings=\"{&quot;background_background&quot;:&quot;classic&quot;}\">\n\t\t\t\t\t<div class=\"e-con-inner\">\n\t\t<div class=\"elementor-element elementor-element-22723329 e-con-full e-flex e-con e-child\" data-id=\"22723329\" data-element_type=\"container\" data-e-type=\"container\">\n\t\t\t\t<div class=\"elementor-element elementor-element-8c20794 elementor-widget elementor-widget-cta\" data-id=\"8c20794\" data-element_type=\"widget\" data-e-type=\"widget\" data-settings=\"{&quot;layout_preset&quot;:&quot;showcase&quot;,&quot;content_position_vertical&quot;:&quot;center&quot;,&quot;image_shape&quot;:&quot;custom&quot;,&quot;primary_button_shape&quot;:&quot;round&quot;,&quot;layout_column_structure&quot;:&quot;50-50&quot;,&quot;image_horizontal_position&quot;:&quot;start&quot;,&quot;image_horizontal_position_tablet&quot;:&quot;start&quot;,&quot;image_horizontal_position_mobile&quot;:&quot;start&quot;,&quot;content_position_vertical_tablet&quot;:&quot;start&quot;,&quot;content_position_vertical_mobile&quot;:&quot;start&quot;,&quot;box_shape&quot;:&quot;sharp&quot;}\" data-widget_type=\"cta.default\">\n\t\t\t\t<div class=\"elementor-widget-container\">\n\t\t\t\t\t\t\t<div class=\"has-shape-sharp shape-type-box ehp-cta has-preset-showcase\">\n\t\t\t<div class=\"ehp-cta__overlay\"><\/div>\n\t\t\t<div class=\"has-column-structure-50-50  ehp-cta__elements-container has-image-position-start has-image-position-md-start has-image-position-sm-start\">\n\t\t\t\t\t\t\t<div class=\"ehp-image ehp-cta__image-container\">\n\t\t\t\t<img decoding=\"async\" class=\"ehp-image__img ehp-cta__img has-shape-custom shape-type-image\" src=\"https:\/\/alohascale.pt\/wp-content\/uploads\/2025\/05\/2149128311.jpg\" title=\"2149128311\" alt=\"2149128311\" loading=\"lazy\" \/>\t\t\t<\/div>\n\t\t\t\t\t<div class=\"ehp-cta__text-container\">\n\t\t\t<h2 class=\"ehp-cta__heading\">Optimizamos o seu processo, impulsionamos o seu neg\u00f3cio<\/h2><p class=\"ehp-cta__description\">A nossa solu\u00e7\u00e3o combina tecnologia e efici\u00eancia para transformar a forma como pesa, organiza e etiqueta os seus produtos. Descubra todas as funcionalidades pensadas para simplificar e acelerar a sua opera\u00e7\u00e3o.<\/p>\t\t\t<div class=\"ehp-cta__ctas-container\">\n\t\t\t\t<div class=\"ehp-cta__buttons-wrapper\">\n\t\t\t\t\t\t\t<a class=\"has-shape-round shape-type-button ehp-button ehp-button--primary ehp-cta__button ehp-cta__button--primary is-type-button\" href=\"https:\/\/alohascale.pt\/index.php\/funcionalidades\/\" target=\"_blank\">\n\t\t\t<svg aria-hidden=\"true\" class=\"ehp-button__icon e-font-icon-svg e-fas-arrow-right\" 0=\"ehp-cta__button-icon\" viewBox=\"0 0 448 512\" xmlns=\"http:\/\/www.w3.org\/2000\/svg\"><path d=\"M190.5 66.9l22.2-22.2c9.4-9.4 24.6-9.4 33.9 0L441 239c9.4 9.4 9.4 24.6 0 33.9L246.6 467.3c-9.4 9.4-24.6 9.4-33.9 0l-22.2-22.2c-9.5-9.5-9.3-25 .4-34.3L311.4 296H24c-13.3 0-24-10.7-24-24v-32c0-13.3 10.7-24 24-24h287.4L190.9 101.2c-9.8-9.3-10-24.8-.4-34.3z\"><\/path><\/svg>\t\t<span class=\"ehp-button__text ehp-cta__button-text ehp-cta__button-text--primary\">\n\t\t\tFuncionalidades\t\t\t\t<\/a>\n\t\t\t\t\t\t\t\t\t\t\t<\/div>\n\t\t\t<\/div>\n\t\t\t\t<\/div>\n\t\t\t\t\t<\/div>\n\t\t<\/div>\n\t\t\t\t\t\t<\/div>\n\t\t\t\t<\/div>\n\t\t\t\t<\/div>\n\t\t\t\t\t<\/div>\n\t\t\t\t<\/div>\n\t\t<div class=\"elementor-element elementor-element-62ffce7f e-flex e-con-boxed e-con e-parent\" data-id=\"62ffce7f\" data-element_type=\"container\" data-e-type=\"container\" data-settings=\"{&quot;background_background&quot;:&quot;classic&quot;}\">\n\t\t\t\t\t<div class=\"e-con-inner\">\n\t\t\t\t<div class=\"elementor-element elementor-element-35642d31 elementor-widget__width-inherit elementor-widget elementor-widget-cta\" data-id=\"35642d31\" data-element_type=\"widget\" data-e-type=\"widget\" data-settings=\"{&quot;primary_button_shape&quot;:&quot;round&quot;,&quot;layout_preset&quot;:&quot;focus&quot;,&quot;cta_vertical_position&quot;:&quot;start&quot;,&quot;box_shape&quot;:&quot;sharp&quot;}\" data-widget_type=\"cta.default\">\n\t\t\t\t<div class=\"elementor-widget-container\">\n\t\t\t\t\t\t\t<div class=\"has-shape-sharp shape-type-box ehp-cta has-preset-focus\">\n\t\t\t<div class=\"ehp-cta__overlay\"><\/div>\n\t\t\t<div class=\"ehp-cta__elements-container\">\n\t\t\t\t\t\t<div class=\"ehp-cta__text-container\">\n\t\t\t<h2 class=\"ehp-cta__heading\">Digitalizamos processos manuais<\/h2><p class=\"ehp-cta__description\">O que o Aloha Scale pode fazer pela sua empresa?<\/p>\t\t<\/div>\n\t\t\t\t\t<div class=\"ehp-cta__ctas-container\">\n\t\t\t\t<div class=\"ehp-cta__buttons-wrapper\">\n\t\t\t\t\t\t\t<a class=\"has-shape-round shape-type-button ehp-button ehp-button--primary ehp-cta__button ehp-cta__button--primary is-type-button\" href=\"https:\/\/alohascale.pt\/index.php\/servicos\/\">\n\t\t\t<svg aria-hidden=\"true\" class=\"ehp-button__icon e-font-icon-svg e-fas-arrow-right\" 0=\"ehp-cta__button-icon\" viewBox=\"0 0 448 512\" xmlns=\"http:\/\/www.w3.org\/2000\/svg\"><path d=\"M190.5 66.9l22.2-22.2c9.4-9.4 24.6-9.4 33.9 0L441 239c9.4 9.4 9.4 24.6 0 33.9L246.6 467.3c-9.4 9.4-24.6 9.4-33.9 0l-22.2-22.2c-9.5-9.5-9.3-25 .4-34.3L311.4 296H24c-13.3 0-24-10.7-24-24v-32c0-13.3 10.7-24 24-24h287.4L190.9 101.2c-9.8-9.3-10-24.8-.4-34.3z\"><\/path><\/svg>\t\t<span class=\"ehp-button__text ehp-cta__button-text ehp-cta__button-text--primary\">\n\t\t\tSaiba mais\t\t\t\t<\/a>\n\t\t\t\t\t\t\t\t\t\t\t<\/div>\n\t\t\t<\/div>\n\t\t\t\t\t<\/div>\n\t\t<\/div>\n\t\t\t\t\t\t<\/div>\n\t\t\t\t<\/div>\n\t\t<div class=\"elementor-element elementor-element-3fd81467 e-con-full e-flex e-con e-child\" data-id=\"3fd81467\" data-element_type=\"container\" data-e-type=\"container\">\n\t\t<div class=\"elementor-element elementor-element-7ffb8d83 e-con-full e-flex e-con e-child\" data-id=\"7ffb8d83\" data-element_type=\"container\" data-e-type=\"container\" data-settings=\"{&quot;background_background&quot;:&quot;classic&quot;}\">\n\t\t\t\t<div class=\"elementor-element elementor-element-2eba1ffd elementor-view-default elementor-position-block-start elementor-mobile-position-block-start elementor-widget elementor-widget-icon-box\" data-id=\"2eba1ffd\" data-element_type=\"widget\" data-e-type=\"widget\" data-widget_type=\"icon-box.default\">\n\t\t\t\t<div class=\"elementor-widget-container\">\n\t\t\t\t\t\t\t<div class=\"elementor-icon-box-wrapper\">\n\n\t\t\t\t\t\t<div class=\"elementor-icon-box-icon\">\n\t\t\t\t<span  class=\"elementor-icon\">\n\t\t\t\t<svg xmlns=\"http:\/\/www.w3.org\/2000\/svg\" height=\"40px\" viewBox=\"0 -960 960 960\" width=\"40px\" fill=\"#0A2464\"><path d=\"m260.67-524 220-356 220 356h-440ZM704-80q-74.33 0-125.17-50.83Q528-181.67 528-256t50.83-125.17Q629.67-432 704-432t125.17 50.83Q880-330.33 880-256t-50.83 125.17Q778.33-80 704-80Zm-584-23.33v-309.34h309.33v309.34H120Zm584.06-43.34q45.94 0 77.61-31.72 31.66-31.72 31.66-77.67 0-45.94-31.72-77.61-31.72-31.66-77.67-31.66-45.94 0-77.61 31.72-31.66 31.72-31.66 77.67 0 45.94 31.72 77.61 31.72 31.66 77.67 31.66ZM186.67-170h176v-176h-176v176ZM380-590.67h201.33L480.67-753.33 380-590.67Zm100.67 0ZM362.67-346ZM704-256Z\"><\/path><\/svg>\t\t\t\t<\/span>\n\t\t\t<\/div>\n\t\t\t\n\t\t\t\t\t\t<div class=\"elementor-icon-box-content\">\n\n\t\t\t\t\t\t\t\t\t<h3 class=\"elementor-icon-box-title\">\n\t\t\t\t\t\t<span  >\n\t\t\t\t\t\t\tCategorias Personalizadas\t\t\t\t\t\t<\/span>\n\t\t\t\t\t<\/h3>\n\t\t\t\t\n\t\t\t\t\t\t\t\t\t<p class=\"elementor-icon-box-description\">\n\t\t\t\t\t\t\u2022 Organize os seus produtos por categorias adaptadas ao seu neg\u00f3cio.\n<br>\n\u2022 Facilite a gest\u00e3o e efici\u00eancia dos seus processos internos.\t\t\t\t\t<\/p>\n\t\t\t\t\n\t\t\t<\/div>\n\t\t\t\n\t\t<\/div>\n\t\t\t\t\t\t<\/div>\n\t\t\t\t<\/div>\n\t\t\t\t<\/div>\n\t\t<div class=\"elementor-element elementor-element-34feba00 e-con-full e-flex e-con e-child\" data-id=\"34feba00\" data-element_type=\"container\" data-e-type=\"container\" data-settings=\"{&quot;background_background&quot;:&quot;classic&quot;}\">\n\t\t\t\t<div class=\"elementor-element elementor-element-2fc6bca8 elementor-view-default elementor-position-block-start elementor-mobile-position-block-start elementor-widget elementor-widget-icon-box\" data-id=\"2fc6bca8\" data-element_type=\"widget\" data-e-type=\"widget\" data-widget_type=\"icon-box.default\">\n\t\t\t\t<div class=\"elementor-widget-container\">\n\t\t\t\t\t\t\t<div class=\"elementor-icon-box-wrapper\">\n\n\t\t\t\t\t\t<div class=\"elementor-icon-box-icon\">\n\t\t\t\t<span  class=\"elementor-icon\">\n\t\t\t\t<svg xmlns=\"http:\/\/www.w3.org\/2000\/svg\" height=\"40px\" viewBox=\"0 -960 960 960\" width=\"40px\" fill=\"#0A2464\"><path d=\"M446.67-163.67V-461l-260-150.33V-314l260 150.33Zm66.66 0 260-150.33v-298l-260 151v297.33ZM446.67-87 153.33-256q-15.66-9-24.5-24.33-8.83-15.34-8.83-33.34v-332.66q0-18 8.83-33.34 8.84-15.33 24.5-24.33l293.34-169q15.66-9 33.33-9 17.67 0 33.33 9l293.34 169q15.66 9 24.5 24.33 8.83 15.34 8.83 33.34v332.66q0 18-8.83 33.34-8.84 15.33-24.5 24.33L513.33-87q-15.66 9-33.33 9-17.67 0-33.33-9Zm196-526 93.66-54L480-815.33 386-761l256.67 148ZM480-518l95.33-55.67-257-148.33L223-667l257 149Z\"><\/path><\/svg>\t\t\t\t<\/span>\n\t\t\t<\/div>\n\t\t\t\n\t\t\t\t\t\t<div class=\"elementor-icon-box-content\">\n\n\t\t\t\t\t\t\t\t\t<h3 class=\"elementor-icon-box-title\">\n\t\t\t\t\t\t<span  >\n\t\t\t\t\t\t\tGest\u00e3o de Artigos\t\t\t\t\t\t<\/span>\n\t\t\t\t\t<\/h3>\n\t\t\t\t\n\t\t\t\t\t\t\t\t\t<p class=\"elementor-icon-box-description\">\n\t\t\t\t\t\t\u2022 Crie,\n<br>\n\u2022 Edite,\n<br>\n\u2022 Organize os seus artigos com informa\u00e7\u00e3o detalhada.\t\t\t\t\t<\/p>\n\t\t\t\t\n\t\t\t<\/div>\n\t\t\t\n\t\t<\/div>\n\t\t\t\t\t\t<\/div>\n\t\t\t\t<\/div>\n\t\t\t\t<\/div>\n\t\t<div class=\"elementor-element elementor-element-547b8021 e-con-full e-flex e-con e-child\" data-id=\"547b8021\" data-element_type=\"container\" data-e-type=\"container\" data-settings=\"{&quot;background_background&quot;:&quot;classic&quot;}\">\n\t\t\t\t<div class=\"elementor-element elementor-element-74410d8f elementor-view-default elementor-position-block-start elementor-mobile-position-block-start elementor-widget elementor-widget-icon-box\" data-id=\"74410d8f\" data-element_type=\"widget\" data-e-type=\"widget\" data-widget_type=\"icon-box.default\">\n\t\t\t\t<div class=\"elementor-widget-container\">\n\t\t\t\t\t\t\t<div class=\"elementor-icon-box-wrapper\">\n\n\t\t\t\t\t\t<div class=\"elementor-icon-box-icon\">\n\t\t\t\t<span  class=\"elementor-icon\">\n\t\t\t\t<svg xmlns=\"http:\/\/www.w3.org\/2000\/svg\" height=\"40px\" viewBox=\"0 -960 960 960\" width=\"40px\" fill=\"#0A2464\"><path d=\"M80-80q0-108.33 30.5-186.5t77.83-129.83Q235.67-448 293.67-476.5t113-37.5v-132.67q-137-17-231.84-81.16Q80-792 80-880h800q0 88-94.83 152.17-94.84 64.16-231.84 81.16V-514q55 9 113 37.5t105.34 80.17Q819-344.67 849.5-266.5 880-188.33 880-80H640v-66.67h169.67q-18-152-111.84-229.66Q604-454 480-454q-124 0-217.83 77.67-93.84 77.66-111.84 229.66H320V-80H80Zm400-628.33q101 0 184.67-32.5 83.66-32.5 117-72.5H178.33q33.34 40 117 72.5Q379-708.33 480-708.33ZM480-80q-33 0-56.5-23.5T400-160q0-17 6.5-31t17.5-25q24-24 82-50.17 58-26.16 134-53.83-28.67 76-54.33 134Q560-128 536-104q-11 11-25 17.5T480-80Zm0-628.33Z\"><\/path><\/svg>\t\t\t\t<\/span>\n\t\t\t<\/div>\n\t\t\t\n\t\t\t\t\t\t<div class=\"elementor-icon-box-content\">\n\n\t\t\t\t\t\t\t\t\t<h3 class=\"elementor-icon-box-title\">\n\t\t\t\t\t\t<span  >\n\t\t\t\t\t\t\tPesagens\t\t\t\t\t\t<\/span>\n\t\t\t\t\t<\/h3>\n\t\t\t\t\n\t\t\t\t\t\t\t\t\t<p class=\"elementor-icon-box-description\">\n\t\t\t\t\t\t\u2022 Registe o peso de paletes e artigos com precis\u00e3o,\n<br>\n\u2022 Integra\u00e7\u00e3o com balan\u00e7as industriais,\n<br>\n\u2022 Otimize o controlo log\u00edstico e de expedi\u00e7\u00e3o.\t\t\t\t\t<\/p>\n\t\t\t\t\n\t\t\t<\/div>\n\t\t\t\n\t\t<\/div>\n\t\t\t\t\t\t<\/div>\n\t\t\t\t<\/div>\n\t\t\t\t<\/div>\n\t\t<div class=\"elementor-element elementor-element-1c7bcdcb e-con-full e-flex e-con e-child\" data-id=\"1c7bcdcb\" data-element_type=\"container\" data-e-type=\"container\" data-settings=\"{&quot;background_background&quot;:&quot;classic&quot;}\">\n\t\t\t\t<div class=\"elementor-element elementor-element-16cbd4a7 elementor-view-default elementor-position-block-start elementor-mobile-position-block-start elementor-widget elementor-widget-icon-box\" data-id=\"16cbd4a7\" data-element_type=\"widget\" data-e-type=\"widget\" data-widget_type=\"icon-box.default\">\n\t\t\t\t<div class=\"elementor-widget-container\">\n\t\t\t\t\t\t\t<div class=\"elementor-icon-box-wrapper\">\n\n\t\t\t\t\t\t<div class=\"elementor-icon-box-icon\">\n\t\t\t\t<span  class=\"elementor-icon\">\n\t\t\t\t<svg xmlns=\"http:\/\/www.w3.org\/2000\/svg\" height=\"40px\" viewBox=\"0 -960 960 960\" width=\"40px\" fill=\"#0A2464\"><path d=\"M59.84-67.94v-118.73h840.32v118.73H775.93v-43.91H542.3v43.91H417.7v-43.91H184.07v43.91H59.84Zm173.49-241.32q-18.5 0-31.28-12.79-12.79-12.78-12.79-31.28v-493.34q0-18.5 12.79-31.28 12.78-12.79 31.28-12.79h493.34q18.5 0 31.28 12.79 12.79 12.78 12.79 31.28v500q0 16.05-10.68 26.73t-26.73 10.68h-500Zm30.74-74.81h431.86v-431.86H264.07v431.86Zm87.83-255.51h256.2v-75.19H351.9v75.19Zm-87.83 255.51v-431.86 431.86Z\"><\/path><\/svg>\t\t\t\t<\/span>\n\t\t\t<\/div>\n\t\t\t\n\t\t\t\t\t\t<div class=\"elementor-icon-box-content\">\n\n\t\t\t\t\t\t\t\t\t<h3 class=\"elementor-icon-box-title\">\n\t\t\t\t\t\t<span  >\n\t\t\t\t\t\t\tControlo de Paletes\t\t\t\t\t\t<\/span>\n\t\t\t\t\t<\/h3>\n\t\t\t\t\n\t\t\t\t\t\t\t\t\t<p class=\"elementor-icon-box-description\">\n\t\t\t\t\t\t\u2022 Agrupe artigos em paletes,\n<br>\n\u2022 Facilite o manuseamento, expedi\u00e7\u00e3o e controlo de carga,\n<br>\n\u2022  Consulte o hist\u00f3rico de paletes.\t\t\t\t\t<\/p>\n\t\t\t\t\n\t\t\t<\/div>\n\t\t\t\n\t\t<\/div>\n\t\t\t\t\t\t<\/div>\n\t\t\t\t<\/div>\n\t\t\t\t<\/div>\n\t\t<div class=\"elementor-element elementor-element-481bf94a e-con-full e-flex e-con e-child\" data-id=\"481bf94a\" data-element_type=\"container\" data-e-type=\"container\" data-settings=\"{&quot;background_background&quot;:&quot;classic&quot;}\">\n\t\t\t\t<div class=\"elementor-element elementor-element-6f9277c2 elementor-view-default elementor-position-block-start elementor-mobile-position-block-start elementor-widget elementor-widget-icon-box\" data-id=\"6f9277c2\" data-element_type=\"widget\" data-e-type=\"widget\" data-widget_type=\"icon-box.default\">\n\t\t\t\t<div class=\"elementor-widget-container\">\n\t\t\t\t\t\t\t<div class=\"elementor-icon-box-wrapper\">\n\n\t\t\t\t\t\t<div class=\"elementor-icon-box-icon\">\n\t\t\t\t<span  class=\"elementor-icon\">\n\t\t\t\t<svg xmlns=\"http:\/\/www.w3.org\/2000\/svg\" height=\"40px\" viewBox=\"0 -960 960 960\" width=\"40px\" fill=\"#0A2464\"><path d=\"M652-645.33v-128H308v128h-66.67V-840h477.34v194.67H652Zm-505.33 66.66h666.66-666.66Zm586 96.67q13.66 0 23.5-9.83 9.83-9.84 9.83-23.5 0-13.67-9.83-23.5-9.84-9.84-23.5-9.84-13.67 0-23.5 9.84-9.84 9.83-9.84 23.5 0 13.66 9.84 23.5Q719-482 732.67-482ZM652-186.67V-368H308v181.33h344ZM718.67-120H241.33v-170.67H80v-244q0-47.03 32-78.85 32-31.81 78.67-31.81h578.66q47.04 0 78.85 31.81Q880-581.7 880-534.67v244H718.67V-120Zm94.66-237.33v-177.48q0-18.86-12.65-31.36t-31.35-12.5H190.67q-18.7 0-31.35 12.65-12.65 12.65-12.65 31.35v177.34h94.66v-77.34h477.34v77.34h94.66Z\"><\/path><\/svg>\t\t\t\t<\/span>\n\t\t\t<\/div>\n\t\t\t\n\t\t\t\t\t\t<div class=\"elementor-icon-box-content\">\n\n\t\t\t\t\t\t\t\t\t<h3 class=\"elementor-icon-box-title\">\n\t\t\t\t\t\t<span  >\n\t\t\t\t\t\t\tImpress\u00e3o de Etiquetas\t\t\t\t\t\t<\/span>\n\t\t\t\t\t<\/h3>\n\t\t\t\t\n\t\t\t\t\t\t\t\t\t<p class=\"elementor-icon-box-description\">\n\t\t\t\t\t\t\u2022 Compatibilidade com impressoras industriais,\n<br>\n\u2022 Impress\u00e3o instant\u00e2nea das etiquetas.\t\t\t\t\t<\/p>\n\t\t\t\t\n\t\t\t<\/div>\n\t\t\t\n\t\t<\/div>\n\t\t\t\t\t\t<\/div>\n\t\t\t\t<\/div>\n\t\t\t\t<\/div>\n\t\t\t\t<\/div>\n\t\t\t\t\t<\/div>\n\t\t\t\t<\/div>\n\t\t<div class=\"elementor-element elementor-element-7a1f98d8 e-flex e-con-boxed e-con e-parent\" data-id=\"7a1f98d8\" data-element_type=\"container\" data-e-type=\"container\" data-settings=\"{&quot;background_background&quot;:&quot;gradient&quot;,&quot;shape_divider_top&quot;:&quot;waves&quot;}\">\n\t\t\t\t\t<div class=\"e-con-inner\">\n\t\t\t\t<div class=\"elementor-shape elementor-shape-top\" aria-hidden=\"true\" data-negative=\"false\">\n\t\t\t<svg xmlns=\"http:\/\/www.w3.org\/2000\/svg\" viewBox=\"0 0 1000 100\" preserveAspectRatio=\"none\">\n\t<path class=\"elementor-shape-fill\" d=\"M421.9,6.5c22.6-2.5,51.5,0.4,75.5,5.3c23.6,4.9,70.9,23.5,100.5,35.7c75.8,32.2,133.7,44.5,192.6,49.7\n\tc23.6,2.1,48.7,3.5,103.4-2.5c54.7-6,106.2-25.6,106.2-25.6V0H0v30.3c0,0,72,32.6,158.4,30.5c39.2-0.7,92.8-6.7,134-22.4\n\tc21.2-8.1,52.2-18.2,79.7-24.2C399.3,7.9,411.6,7.5,421.9,6.5z\"\/>\n<\/svg>\t\t<\/div>\n\t\t<div class=\"elementor-element elementor-element-2c9d1b0d e-con-full e-flex e-con e-child\" data-id=\"2c9d1b0d\" data-element_type=\"container\" data-e-type=\"container\">\n\t\t\t\t<div class=\"elementor-element elementor-element-325aa1ee elementor-widget elementor-widget-cta\" data-id=\"325aa1ee\" data-element_type=\"widget\" data-e-type=\"widget\" data-settings=\"{&quot;cta_position&quot;:&quot;column&quot;,&quot;primary_button_shape&quot;:&quot;round&quot;,&quot;layout_preset&quot;:&quot;streamline&quot;,&quot;content_alignment&quot;:&quot;start&quot;,&quot;content_alignment_tablet&quot;:&quot;center&quot;,&quot;content_alignment_mobile&quot;:&quot;center&quot;,&quot;cta_width&quot;:&quot;default&quot;,&quot;box_shape&quot;:&quot;sharp&quot;}\" data-widget_type=\"cta.default\">\n\t\t\t\t<div class=\"elementor-widget-container\">\n\t\t\t\t\t\t\t<div class=\"has-shape-sharp shape-type-box ehp-cta has-preset-streamline\">\n\t\t\t<div class=\"ehp-cta__overlay\"><\/div>\n\t\t\t<div class=\"ehp-cta__elements-container\">\n\t\t\t\t\t\t<div class=\"ehp-cta__text-container\">\n\t\t\t<h2 class=\"ehp-cta__heading\">Pesagem e etiquetagem em um s\u00f3 lugar<\/h2><p class=\"ehp-cta__description\">Fale connosco e descubra como o Aloha Scale pode fazer a diferen\u00e7a.<\/p>\t\t<\/div>\n\t\t\t\t\t<div class=\"ehp-cta__ctas-container has-cta-width-default\">\n\t\t\t\t<div class=\"ehp-cta__buttons-wrapper\">\n\t\t\t\t\t\t\t<a class=\"has-shape-round shape-type-button ehp-button ehp-button--primary ehp-cta__button ehp-cta__button--primary is-type-button\" href=\"https:\/\/alohascale.pt\/index.php\/contactos\/\">\n\t\t\t<svg aria-hidden=\"true\" class=\"ehp-button__icon e-font-icon-svg e-fas-arrow-right\" 0=\"ehp-cta__button-icon\" viewBox=\"0 0 448 512\" xmlns=\"http:\/\/www.w3.org\/2000\/svg\"><path d=\"M190.5 66.9l22.2-22.2c9.4-9.4 24.6-9.4 33.9 0L441 239c9.4 9.4 9.4 24.6 0 33.9L246.6 467.3c-9.4 9.4-24.6 9.4-33.9 0l-22.2-22.2c-9.5-9.5-9.3-25 .4-34.3L311.4 296H24c-13.3 0-24-10.7-24-24v-32c0-13.3 10.7-24 24-24h287.4L190.9 101.2c-9.8-9.3-10-24.8-.4-34.3z\"><\/path><\/svg>\t\t<span class=\"ehp-button__text ehp-cta__button-text ehp-cta__button-text--primary\">\n\t\t\tContacte-nos\t\t\t\t<\/a>\n\t\t\t\t\t\t\t\t\t\t\t<\/div>\n\t\t\t<\/div>\n\t\t\t\t\t<\/div>\n\t\t<\/div>\n\t\t\t\t\t\t<\/div>\n\t\t\t\t<\/div>\n\t\t\t\t<\/div>\n\t\t<div class=\"elementor-element elementor-element-4d16f5bd e-con-full e-flex e-con e-child\" data-id=\"4d16f5bd\" data-element_type=\"container\" data-e-type=\"container\">\n\t\t\t\t<div class=\"elementor-element elementor-element-225d314b elementor-widget elementor-widget-image\" data-id=\"225d314b\" data-element_type=\"widget\" data-e-type=\"widget\" data-widget_type=\"image.default\">\n\t\t\t\t<div class=\"elementor-widget-container\">\n\t\t\t\t\t\t\t\t\t\t\t\t\t\t\t<img fetchpriority=\"high\" decoding=\"async\" width=\"1500\" height=\"1001\" src=\"https:\/\/alohascale.pt\/wp-content\/uploads\/2025\/05\/1559.jpg\" class=\"attachment-full size-full wp-image-329\" alt=\"\" srcset=\"https:\/\/alohascale.pt\/wp-content\/uploads\/2025\/05\/1559.jpg 1500w, https:\/\/alohascale.pt\/wp-content\/uploads\/2025\/05\/1559-300x200.jpg 300w, https:\/\/alohascale.pt\/wp-content\/uploads\/2025\/05\/1559-1024x683.jpg 1024w, https:\/\/alohascale.pt\/wp-content\/uploads\/2025\/05\/1559-768x513.jpg 768w\" sizes=\"(max-width: 1500px) 100vw, 1500px\" \/>\t\t\t\t\t\t\t\t\t\t\t\t\t\t\t<\/div>\n\t\t\t\t<\/div>\n\t\t\t\t<\/div>\n\t\t\t\t\t<\/div>\n\t\t\t\t<\/div>\n\t\t\t\t<\/div>\n\t\t","protected":false},"excerpt":{"rendered":"<p>Digitalize o seu processo de pesagem e etiquetagem O Aloha Scale simplifica a gest\u00e3o de pesagens, paletes e etiquetas industriais. Pese, organize e etiquete os seus produtos com rapidez, precis\u00e3o e controlo total. Contacte-nos Optimizamos o seu processo, impulsionamos o seu neg\u00f3cio A nossa solu\u00e7\u00e3o combina tecnologia e efici\u00eancia para transformar a forma como pesa, [&hellip;]<\/p>\n","protected":false},"author":1,"featured_media":0,"parent":0,"menu_order":0,"comment_status":"closed","ping_status":"closed","template":"elementor_header_footer","meta":{"footnotes":""},"class_list":["post-38","page","type-page","status-publish","hentry"],"_links":{"self":[{"href":"https:\/\/alohascale.pt\/index.php\/wp-json\/wp\/v2\/pages\/38","targetHints":{"allow":["GET"]}}],"collection":[{"href":"https:\/\/alohascale.pt\/index.php\/wp-json\/wp\/v2\/pages"}],"about":[{"href":"https:\/\/alohascale.pt\/index.php\/wp-json\/wp\/v2\/types\/page"}],"author":[{"embeddable":true,"href":"https:\/\/alohascale.pt\/index.php\/wp-json\/wp\/v2\/users\/1"}],"replies":[{"embeddable":true,"href":"https:\/\/alohascale.pt\/index.php\/wp-json\/wp\/v2\/comments?post=38"}],"version-history":[{"count":95,"href":"https:\/\/alohascale.pt\/index.php\/wp-json\/wp\/v2\/pages\/38\/revisions"}],"predecessor-version":[{"id":508,"href":"https:\/\/alohascale.pt\/index.php\/wp-json\/wp\/v2\/pages\/38\/revisions\/508"}],"wp:attachment":[{"href":"https:\/\/alohascale.pt\/index.php\/wp-json\/wp\/v2\/media?parent=38"}],"curies":[{"name":"wp","href":"https:\/\/api.w.org\/{rel}","templated":true}]}}